{"id":267,"date":"2023-08-23T19:44:58","date_gmt":"2023-08-23T19:44:58","guid":{"rendered":"https:\/\/nw.employnext.ca\/page-daccueil\/"},"modified":"2025-02-24T16:39:19","modified_gmt":"2025-02-24T16:39:19","slug":"page-daccueil","status":"publish","type":"page","link":"https:\/\/nw.employnext.ca\/fr\/","title":{"rendered":"Page d\u2019accueil"},"content":{"rendered":"<p><em>O\u00f9 le travail vous rencontre<\/em><\/p>\n<h1>Votre cheminement vers un emploi significatif commence ici<\/h1>\n<p>Que vous soyez \u00e0 la recherche d\u2019un emploi ou de nouveaux employ\u00e9s, nous sommes l\u00e0 pour vous offrir un acc\u00e8s gratuit \u00e0 des services d\u2019emploi personnalis\u00e9s offerts sur une plateforme centralis\u00e9e.<\/p>\n","protected":false},"excerpt":{"rendered":"<p><em>O\u00f9 le travail vous rencontre<\/em><\/p>\n","protected":false},"author":1,"featured_media":251,"parent":0,"menu_order":0,"comment_status":"closed","ping_status":"closed","template":"","meta":{"_acf_changed":false,"inline_featured_image":false,"footnotes":""},"class_list":["post-267","page","type-page","status-publish","has-post-thumbnail","hentry"],"acf":[],"yoast_head":"<!-- This site is optimized with the Yoast SEO plugin v27.1.1 - https:\/\/yoast.com\/product\/yoast-seo-wordpress\/ -->\n<title>Page d\u2019accueil - Northwest Ontario<\/title>\n<meta name=\"description\" content=\"Whether you\u2019re looking for work or looking for new employees, EmployNext is here to provide free access to personalized employment services delivered in a centralized platform.\" \/>\n<meta name=\"robots\" content=\"index, follow, max-snippet:-1, max-image-preview:large, max-video-preview:-1\" \/>\n<link rel=\"canonical\" href=\"https:\/\/nw.employnext.ca\/fr\/\" \/>\n<meta property=\"og:locale\" content=\"fr_FR\" \/>\n<meta property=\"og:type\" content=\"article\" \/>\n<meta property=\"og:title\" content=\"Page d\u2019accueil - Northwest Ontario\" \/>\n<meta property=\"og:description\" content=\"Whether you\u2019re looking for work or looking for new employees, EmployNext is here to provide free access to personalized employment services delivered in a centralized platform.\" \/>\n<meta property=\"og:url\" content=\"https:\/\/nw.employnext.ca\/fr\/\" \/>\n<meta property=\"og:site_name\" content=\"Northwest Ontario\" \/>\n<meta property=\"article:modified_time\" content=\"2025-02-24T16:39:19+00:00\" \/>\n<meta property=\"og:image\" content=\"https:\/\/nw.employnext.ca\/wp-content\/uploads\/sites\/4\/2023\/10\/OG-image-6.jpg\" \/>\n\t<meta property=\"og:image:width\" content=\"2400\" \/>\n\t<meta property=\"og:image:height\" content=\"1260\" \/>\n\t<meta property=\"og:image:type\" content=\"image\/jpeg\" \/>\n<meta name=\"twitter:card\" content=\"summary_large_image\" \/>\n<meta name=\"twitter:label1\" content=\"Dur\u00e9e de lecture estim\u00e9e\" \/>\n\t<meta name=\"twitter:data1\" content=\"1 minute\" \/>\n<script type=\"application\/ld+json\" class=\"yoast-schema-graph\">{\"@context\":\"https:\/\/schema.org\",\"@graph\":[{\"@type\":\"WebPage\",\"@id\":\"https:\/\/nw.employnext.ca\/fr\/\",\"url\":\"https:\/\/nw.employnext.ca\/fr\/\",\"name\":\"Page d\u2019accueil - Northwest Ontario\",\"isPartOf\":{\"@id\":\"https:\/\/nw.employnext.ca\/#website\"},\"primaryImageOfPage\":{\"@id\":\"https:\/\/nw.employnext.ca\/fr\/#primaryimage\"},\"image\":{\"@id\":\"https:\/\/nw.employnext.ca\/fr\/#primaryimage\"},\"thumbnailUrl\":\"https:\/\/nw.employnext.ca\/wp-content\/uploads\/sites\/4\/2023\/08\/homepage-banner-top.png\",\"datePublished\":\"2023-08-23T19:44:58+00:00\",\"dateModified\":\"2025-02-24T16:39:19+00:00\",\"description\":\"Whether you\u2019re looking for work or looking for new employees, EmployNext is here to provide free access to personalized employment services delivered in a centralized platform.\",\"breadcrumb\":{\"@id\":\"https:\/\/nw.employnext.ca\/fr\/#breadcrumb\"},\"inLanguage\":\"fr-FR\",\"potentialAction\":[{\"@type\":\"ReadAction\",\"target\":[\"https:\/\/nw.employnext.ca\/fr\/\"]}]},{\"@type\":\"ImageObject\",\"inLanguage\":\"fr-FR\",\"@id\":\"https:\/\/nw.employnext.ca\/fr\/#primaryimage\",\"url\":\"https:\/\/nw.employnext.ca\/wp-content\/uploads\/sites\/4\/2023\/08\/homepage-banner-top.png\",\"contentUrl\":\"https:\/\/nw.employnext.ca\/wp-content\/uploads\/sites\/4\/2023\/08\/homepage-banner-top.png\",\"width\":1120,\"height\":1150,\"caption\":\"Un jeune homme noir aux dreadlocks dans une chemise marine regardant la cam\u00e9ra\"},{\"@type\":\"BreadcrumbList\",\"@id\":\"https:\/\/nw.employnext.ca\/fr\/#breadcrumb\",\"itemListElement\":[{\"@type\":\"ListItem\",\"position\":1,\"name\":\"Home\",\"item\":\"https:\/\/nw.employnext.ca\/fr\/\"},{\"@type\":\"ListItem\",\"position\":2,\"name\":\"Page d\u2019accueil\"}]},{\"@type\":\"WebSite\",\"@id\":\"https:\/\/nw.employnext.ca\/#website\",\"url\":\"https:\/\/nw.employnext.ca\/\",\"name\":\"Northwest Ontario\",\"description\":\"EmployNext - where work meets you\",\"potentialAction\":[{\"@type\":\"SearchAction\",\"target\":{\"@type\":\"EntryPoint\",\"urlTemplate\":\"https:\/\/nw.employnext.ca\/?s={search_term_string}\"},\"query-input\":{\"@type\":\"PropertyValueSpecification\",\"valueRequired\":true,\"valueName\":\"search_term_string\"}}],\"inLanguage\":\"fr-FR\"}]}<\/script>\n<!-- \/ Yoast SEO plugin. -->","yoast_head_json":{"title":"Page d\u2019accueil - Northwest Ontario","description":"Whether you\u2019re looking for work or looking for new employees, EmployNext is here to provide free access to personalized employment services delivered in a centralized platform.","robots":{"index":"index","follow":"follow","max-snippet":"max-snippet:-1","max-image-preview":"max-image-preview:large","max-video-preview":"max-video-preview:-1"},"canonical":"https:\/\/nw.employnext.ca\/fr\/","og_locale":"fr_FR","og_type":"article","og_title":"Page d\u2019accueil - Northwest Ontario","og_description":"Whether you\u2019re looking for work or looking for new employees, EmployNext is here to provide free access to personalized employment services delivered in a centralized platform.","og_url":"https:\/\/nw.employnext.ca\/fr\/","og_site_name":"Northwest Ontario","article_modified_time":"2025-02-24T16:39:19+00:00","og_image":[{"width":2400,"height":1260,"url":"https:\/\/nw.employnext.ca\/wp-content\/uploads\/sites\/4\/2023\/10\/OG-image-6.jpg","type":"image\/jpeg"}],"twitter_card":"summary_large_image","twitter_misc":{"Dur\u00e9e de lecture estim\u00e9e":"1 minute"},"schema":{"@context":"https:\/\/schema.org","@graph":[{"@type":"WebPage","@id":"https:\/\/nw.employnext.ca\/fr\/","url":"https:\/\/nw.employnext.ca\/fr\/","name":"Page d\u2019accueil - Northwest Ontario","isPartOf":{"@id":"https:\/\/nw.employnext.ca\/#website"},"primaryImageOfPage":{"@id":"https:\/\/nw.employnext.ca\/fr\/#primaryimage"},"image":{"@id":"https:\/\/nw.employnext.ca\/fr\/#primaryimage"},"thumbnailUrl":"https:\/\/nw.employnext.ca\/wp-content\/uploads\/sites\/4\/2023\/08\/homepage-banner-top.png","datePublished":"2023-08-23T19:44:58+00:00","dateModified":"2025-02-24T16:39:19+00:00","description":"Whether you\u2019re looking for work or looking for new employees, EmployNext is here to provide free access to personalized employment services delivered in a centralized platform.","breadcrumb":{"@id":"https:\/\/nw.employnext.ca\/fr\/#breadcrumb"},"inLanguage":"fr-FR","potentialAction":[{"@type":"ReadAction","target":["https:\/\/nw.employnext.ca\/fr\/"]}]},{"@type":"ImageObject","inLanguage":"fr-FR","@id":"https:\/\/nw.employnext.ca\/fr\/#primaryimage","url":"https:\/\/nw.employnext.ca\/wp-content\/uploads\/sites\/4\/2023\/08\/homepage-banner-top.png","contentUrl":"https:\/\/nw.employnext.ca\/wp-content\/uploads\/sites\/4\/2023\/08\/homepage-banner-top.png","width":1120,"height":1150,"caption":"Un jeune homme noir aux dreadlocks dans une chemise marine regardant la cam\u00e9ra"},{"@type":"BreadcrumbList","@id":"https:\/\/nw.employnext.ca\/fr\/#breadcrumb","itemListElement":[{"@type":"ListItem","position":1,"name":"Home","item":"https:\/\/nw.employnext.ca\/fr\/"},{"@type":"ListItem","position":2,"name":"Page d\u2019accueil"}]},{"@type":"WebSite","@id":"https:\/\/nw.employnext.ca\/#website","url":"https:\/\/nw.employnext.ca\/","name":"Northwest Ontario","description":"EmployNext - where work meets you","potentialAction":[{"@type":"SearchAction","target":{"@type":"EntryPoint","urlTemplate":"https:\/\/nw.employnext.ca\/?s={search_term_string}"},"query-input":{"@type":"PropertyValueSpecification","valueRequired":true,"valueName":"search_term_string"}}],"inLanguage":"fr-FR"}]}},"_links":{"self":[{"href":"https:\/\/nw.employnext.ca\/fr\/wp-json\/wp\/v2\/pages\/267","targetHints":{"allow":["GET"]}}],"collection":[{"href":"https:\/\/nw.employnext.ca\/fr\/wp-json\/wp\/v2\/pages"}],"about":[{"href":"https:\/\/nw.employnext.ca\/fr\/wp-json\/wp\/v2\/types\/page"}],"author":[{"embeddable":true,"href":"https:\/\/nw.employnext.ca\/fr\/wp-json\/wp\/v2\/users\/1"}],"replies":[{"embeddable":true,"href":"https:\/\/nw.employnext.ca\/fr\/wp-json\/wp\/v2\/comments?post=267"}],"version-history":[{"count":3,"href":"https:\/\/nw.employnext.ca\/fr\/wp-json\/wp\/v2\/pages\/267\/revisions"}],"predecessor-version":[{"id":613,"href":"https:\/\/nw.employnext.ca\/fr\/wp-json\/wp\/v2\/pages\/267\/revisions\/613"}],"wp:featuredmedia":[{"embeddable":true,"href":"https:\/\/nw.employnext.ca\/fr\/wp-json\/wp\/v2\/media\/251"}],"wp:attachment":[{"href":"https:\/\/nw.employnext.ca\/fr\/wp-json\/wp\/v2\/media?parent=267"}],"curies":[{"name":"wp","href":"https:\/\/api.w.org\/{rel}","templated":true}]}}